{"id":1177,"date":"2018-04-27T04:52:33","date_gmt":"2018-04-27T04:52:33","guid":{"rendered":"http:\/\/www.511store.vn\/patch\/?post_type=product&#038;p=1177"},"modified":"2018-08-06T00:52:10","modified_gmt":"2018-08-06T00:52:10","slug":"patch-sung-1911-pvc-p395","status":"publish","type":"product","link":"https:\/\/www.511store.vn\/patch\/cua-hang\/patch-sung\/patch-sung-1911-pvc-p395\/","title":{"rendered":"Patch s\u00fang 1911 PVC &#8211; P395"},"content":{"rendered":"<p>Patch d\u00f9ng \u0111\u1ec3 trang tr\u00ed \u2013 C\u00f3 s\u1eb5n gai d\u00ednh, c\u00f3 th\u1ec3 g\u1eafn l\u00ean c\u00e1c v\u1ecb tr\u00ed c\u00f3 Velcro<\/p>\n<p><strong>Gi\u1edbi thi\u1ec7u b\u1ed9 s\u01b0u t\u1eadp Full Set 25 m\u1eabu s\u00fang PVC<\/strong><\/p>\n<ul>\n<li>AK74U<\/li>\n<li>AK74<\/li>\n<li>MP5<\/li>\n<li>MP5-SD<\/li>\n<li>Barret M82<\/li>\n<li>Kriss Vector<\/li>\n<li>MP7<\/li>\n<li>AWM<\/li>\n<li>MK18<\/li>\n<li>MK18 Sig<\/li>\n<li>MK12<\/li>\n<li>Sig MCX<\/li>\n<li>SR25<\/li>\n<li>M110<\/li>\n<li>1911<\/li>\n<li>Scar<\/li>\n<li>G36C<\/li>\n<li>Scorpion Evo 3<\/li>\n<li>UMP<\/li>\n<li>Remington M870<\/li>\n<li>M249<\/li>\n<li>Type-81<\/li>\n<li>AK Custom<\/li>\n<li>Type 97<\/li>\n<li>Type 97S<\/li>\n<\/ul>\n<p><strong>Mua h\u00e0ng tr\u00ean Shopee<\/strong><\/p>\n<p>Combo 3 c\u00e1i:\u00a0<a href=\"https:\/\/shopee.vn\/Patch-d%C3%A1n-%C3%A1o-Patch-d%C3%A1n-balo-(Combo-3-c%C3%A1i)-i.8262716.733844812\" target=\"_blank\" rel=\"noopener\">https:\/\/shopee.vn\/Patch-d%C3%A1n-%C3%A1o-Patch-d%C3%A1n-balo-(Combo-3-c%C3%A1i)-i.8262716.733844812\u00a0<\/a><\/p>\n<p>Combo 4 c\u00e1i:\u00a0<a href=\"https:\/\/shopee.vn\/Patch-d%C3%A1n-balo-Patch-d%C3%A1n-%C3%A1o-(Combo-4-c%C3%A1i)-i.8262716.783560803\" target=\"_blank\" rel=\"noopener\">https:\/\/shopee.vn\/Patch-d%C3%A1n-balo-Patch-d%C3%A1n-%C3%A1o-(Combo-4-c%C3%A1i)-i.8262716.783560803<\/a><\/p>\n<p>Combo 5 c\u00e1i:\u00a0<a href=\"https:\/\/shopee.vn\/Patch-d%C3%A1n-balo-Patch-d%C3%A1n-%C3%A1o-(Combo-5-c%C3%A1i)-i.8262716.783945347\" target=\"_blank\" rel=\"noopener\">https:\/\/shopee.vn\/Patch-d%C3%A1n-balo-Patch-d%C3%A1n-%C3%A1o-(Combo-5-c%C3%A1i)-i.8262716.783945347<\/a><\/p>\n<p>Combo 6 c\u00e1i:\u00a0<a href=\"https:\/\/shopee.vn\/Patch-d%C3%A1n-%C3%A1o-(Combo-6-c%C3%A1i)-i.8262716.783747738\" target=\"_blank\" rel=\"noopener\">https:\/\/shopee.vn\/Patch-d%C3%A1n-%C3%A1o-(Combo-6-c%C3%A1i)-i.8262716.783747738<\/a><\/p>\n","protected":false},"excerpt":{"rendered":"<p>Patch s\u00fang 1911 PVC &#8211; P395<\/p>\n<p>C\u00f3 s\u1eb5n t\u1ea1i www.511Store.Vn\/patch v\u00e0 www.ArmyBox.Vn<\/p>\n","protected":false},"featured_media":1339,"comment_status":"closed","ping_status":"closed","template":"","meta":[],"product_brand":[],"product_cat":[494],"product_tag":[605,604,606,618,603,19,21,23,22,617,25,597,584,583,598,599,600,24],"class_list":{"0":"post-1177","1":"product","2":"type-product","3":"status-publish","4":"has-post-thumbnail","6":"product_cat-patch-sung","7":"product_tag-full-set-25-mau-sung","8":"product_tag-full-set-25-mau-sung-pvc","9":"product_tag-full-set-25-sung-pvc","10":"product_tag-patch-1911-pvc","11":"product_tag-patch-25-mau-sung-pvc-full-set","12":"product_tag-patch-cao-su","13":"product_tag-patch-dan","14":"product_tag-patch-dan-ao","15":"product_tag-patch-dan-balo","16":"product_tag-patch-gun-1911","17":"product_tag-patch-pvc","18":"product_tag-patch-sung-full-set","19":"product_tag-patch-sung-1911","20":"product_tag-patch-sung-1911-pvc","21":"product_tag-patch-sung-full-set-pvc","22":"product_tag-patch-sung-pvc","23":"product_tag-patch-sung-set-pvc","24":"product_tag-patch-tactical","25":"post","26":"post-with-thumbnail","27":"post-with-thumbnail-large","29":"first","30":"instock","31":"purchasable","32":"product-type-simple"},"_links":{"self":[{"href":"https:\/\/www.511store.vn\/patch\/wp-json\/wp\/v2\/product\/1177","targetHints":{"allow":["GET"]}}],"collection":[{"href":"https:\/\/www.511store.vn\/patch\/wp-json\/wp\/v2\/product"}],"about":[{"href":"https:\/\/www.511store.vn\/patch\/wp-json\/wp\/v2\/types\/product"}],"replies":[{"embeddable":true,"href":"https:\/\/www.511store.vn\/patch\/wp-json\/wp\/v2\/comments?post=1177"}],"wp:featuredmedia":[{"embeddable":true,"href":"https:\/\/www.511store.vn\/patch\/wp-json\/wp\/v2\/media\/1339"}],"wp:attachment":[{"href":"https:\/\/www.511store.vn\/patch\/wp-json\/wp\/v2\/media?parent=1177"}],"wp:term":[{"taxonomy":"product_brand","embeddable":true,"href":"https:\/\/www.511store.vn\/patch\/wp-json\/wp\/v2\/product_brand?post=1177"},{"taxonomy":"product_cat","embeddable":true,"href":"https:\/\/www.511store.vn\/patch\/wp-json\/wp\/v2\/product_cat?post=1177"},{"taxonomy":"product_tag","embeddable":true,"href":"https:\/\/www.511store.vn\/patch\/wp-json\/wp\/v2\/product_tag?post=1177"}],"curies":[{"name":"wp","href":"https:\/\/api.w.org\/{rel}","templated":true}]}}