{"id":1326,"date":"2018-08-01T18:50:11","date_gmt":"2018-08-01T18:50:11","guid":{"rendered":"https:\/\/www.511store.vn\/patch\/?post_type=product&#038;p=1326"},"modified":"2024-03-12T10:36:44","modified_gmt":"2024-03-12T10:36:44","slug":"patch-u23-viet-nam","status":"publish","type":"product","link":"https:\/\/www.511store.vn\/patch\/cua-hang\/patch-vai\/patch-u23-viet-nam\/","title":{"rendered":"Patch U23 Vi\u1ec7t Nam"},"content":{"rendered":"<p>Patch d\u00f9ng \u0111\u1ec3 trang tr\u00ed \u2013 C\u00f3 s\u1eb5n gai d\u00ednh, c\u00f3 th\u1ec3 g\u1eafn l\u00ean c\u00e1c v\u1ecb tr\u00ed c\u00f3 Velcro<\/p>\n<p><strong>Mua h\u00e0ng tr\u00ean Shopee : <\/strong><a href=\"https:\/\/shopee.vn\/Patch-U23-Vietnam-AFC-2018-i.8262716.895713134\" target=\"_blank\" rel=\"noopener\">https:\/\/shopee.vn\/Patch-U23-Vietnam-AFC-2018-i.8262716.895713134<\/a><\/p>\n<div class=\"shopee-product-detail__description\">?? Ch\u00ednh th\u1ee9c ph\u00e1t h\u00e0nh <a class=\"shopee-product-detail__hash-tag\" href=\"https:\/\/shopee.vn\/Patch-tag\">#Patch<\/a> U23 cho anh em d\u00e1n balo, d\u00e1n \u00e1o, d\u00e1n m\u0169 v\u00e0 b\u1ea5t c\u1ee9 ch\u1ed7 n\u00e0o c\u00f3 th\u1ec3 nh\u00e9 ?<\/div>\n<div><\/div>\n<div class=\"shopee-product-detail__description\">Patch ph\u00e1t h\u00e0nh b\u1edfi <a class=\"shopee-product-detail__hash-tag\" href=\"https:\/\/shopee.vn\/Jic_VietNam-tag\">#Jic_VietNam<\/a> \u2013 Team Patch Maker \u0111\u1ea7u ti\u00ean c\u1ee7a VN ?<\/div>\n<div class=\"shopee-product-detail__description\">ArmyBox s\u1ebd l\u00e0 \u0111\u1ea1i l\u00fd b\u00e1n h\u00e0ng ngo\u00e0i HN nh\u00e9, th\u00e1ng n\u00e0o c\u0169ng s\u1ebd ph\u00e1t h\u00e0nh Patch m\u1edbi theo t\u1eebng ch\u1ee7 \u0111\u1ec1 cho anh em c\u00f3 th\u00fa s\u01b0u t\u1ea7m.<\/div>\n","protected":false},"excerpt":{"rendered":"<p>Patch U23 Vi\u1ec7t Nam<br \/>\nC\u00f3 s\u1eb5n t\u1ea1i www.511Store.Vn\/patch v\u00e0 www.ArmyBox.Vn<\/p>\n","protected":false},"featured_media":640,"comment_status":"closed","ping_status":"closed","template":"","meta":[],"product_brand":[],"product_cat":[16,79],"product_tag":[21,23,22,24,269,20],"class_list":{"0":"post-1326","1":"product","2":"type-product","3":"status-publish","4":"has-post-thumbnail","6":"product_cat-patch-vai","7":"product_cat-patch-viet-nam","8":"product_tag-patch-dan","9":"product_tag-patch-dan-ao","10":"product_tag-patch-dan-balo","11":"product_tag-patch-tactical","12":"product_tag-patch-u23-viet-nam","13":"product_tag-patch-vai","14":"post","15":"post-with-thumbnail","16":"post-with-thumbnail-large","18":"first","19":"instock","20":"purchasable","21":"product-type-simple"},"_links":{"self":[{"href":"https:\/\/www.511store.vn\/patch\/wp-json\/wp\/v2\/product\/1326","targetHints":{"allow":["GET"]}}],"collection":[{"href":"https:\/\/www.511store.vn\/patch\/wp-json\/wp\/v2\/product"}],"about":[{"href":"https:\/\/www.511store.vn\/patch\/wp-json\/wp\/v2\/types\/product"}],"replies":[{"embeddable":true,"href":"https:\/\/www.511store.vn\/patch\/wp-json\/wp\/v2\/comments?post=1326"}],"wp:featuredmedia":[{"embeddable":true,"href":"https:\/\/www.511store.vn\/patch\/wp-json\/wp\/v2\/media\/640"}],"wp:attachment":[{"href":"https:\/\/www.511store.vn\/patch\/wp-json\/wp\/v2\/media?parent=1326"}],"wp:term":[{"taxonomy":"product_brand","embeddable":true,"href":"https:\/\/www.511store.vn\/patch\/wp-json\/wp\/v2\/product_brand?post=1326"},{"taxonomy":"product_cat","embeddable":true,"href":"https:\/\/www.511store.vn\/patch\/wp-json\/wp\/v2\/product_cat?post=1326"},{"taxonomy":"product_tag","embeddable":true,"href":"https:\/\/www.511store.vn\/patch\/wp-json\/wp\/v2\/product_tag?post=1326"}],"curies":[{"name":"wp","href":"https:\/\/api.w.org\/{rel}","templated":true}]}}