{"id":1370,"date":"2018-08-06T01:40:46","date_gmt":"2018-08-06T01:40:46","guid":{"rendered":"https:\/\/www.511store.vn\/patch\/?post_type=product&#038;p=1370"},"modified":"2025-08-05T11:38:20","modified_gmt":"2025-08-05T11:38:20","slug":"patch-may-bay-su22-kqvn","status":"publish","type":"product","link":"https:\/\/www.511store.vn\/patch\/cua-hang\/patch-vai\/patch-may-bay-su22-kqvn\/","title":{"rendered":"Patch m\u00e1y bay SU22 KQVN"},"content":{"rendered":"<p>Patch d\u00f9ng \u0111\u1ec3 trang tr\u00ed \u2013 C\u00f3 s\u1eb5n gai d\u00ednh, c\u00f3 th\u1ec3 g\u1eafn l\u00ean c\u00e1c v\u1ecb tr\u00ed c\u00f3 Velcro<\/p>\n<p><strong>Mua h\u00e0ng tr\u00ean Shopee : <\/strong><a href=\"https:\/\/shopee.vn\/armybox\" target=\"_blank\" rel=\"noopener\">https:\/\/shopee.vn\/armybox<\/a><\/p>\n<div class=\"shopee-product-detail__description\">?? Ch\u00ednh th\u1ee9c ph\u00e1t h\u00e0nh <a class=\"shopee-product-detail__hash-tag\" href=\"https:\/\/shopee.vn\/Patch-tag\">#Patch<\/a> SU22 cho anh em d\u00e1n balo, d\u00e1n \u00e1o, d\u00e1n m\u0169 v\u00e0 b\u1ea5t c\u1ee9 ch\u1ed7 n\u00e0o c\u00f3 th\u1ec3 nh\u00e9 ?<\/div>\n<div><\/div>\n<div class=\"shopee-product-detail__description\">Patch ph\u00e1t h\u00e0nh b\u1edfi <a class=\"shopee-product-detail__hash-tag\" href=\"https:\/\/shopee.vn\/Jic_VietNam-tag\">#Jic_VietNam<\/a> \u2013 Team Patch Maker \u0111\u1ea7u ti\u00ean c\u1ee7a VN ?<\/div>\n<div class=\"shopee-product-detail__description\">ArmyBox s\u1ebd l\u00e0 \u0111\u1ea1i l\u00fd b\u00e1n h\u00e0ng ngo\u00e0i HN nh\u00e9, th\u00e1ng n\u00e0o c\u0169ng s\u1ebd ph\u00e1t h\u00e0nh Patch m\u1edbi theo t\u1eebng ch\u1ee7 \u0111\u1ec1 cho anh em c\u00f3 th\u00fa s\u01b0u t\u1ea7m.<\/div>\n","protected":false},"excerpt":{"rendered":"<div class=\"woocommerce-product-details__short-description\">\n<p>Patch SU22 KQVN<\/p>\n<p>C\u00f3 s\u1eb5n t\u1ea1i www.511Store.Vn\/patch v\u00e0 www.ArmyBox.Vn<\/p>\n<\/div>\n","protected":false},"featured_media":639,"comment_status":"closed","ping_status":"closed","template":"","meta":[],"product_brand":[],"product_cat":[16,79],"product_tag":[19,21,23,22,25,276,24,20],"class_list":{"0":"post-1370","1":"product","2":"type-product","3":"status-publish","4":"has-post-thumbnail","6":"product_cat-patch-vai","7":"product_cat-patch-viet-nam","8":"product_tag-patch-cao-su","9":"product_tag-patch-dan","10":"product_tag-patch-dan-ao","11":"product_tag-patch-dan-balo","12":"product_tag-patch-pvc","13":"product_tag-patch-su22","14":"product_tag-patch-tactical","15":"product_tag-patch-vai","16":"post","17":"post-with-thumbnail","18":"post-with-thumbnail-large","20":"first","21":"instock","22":"purchasable","23":"product-type-simple"},"_links":{"self":[{"href":"https:\/\/www.511store.vn\/patch\/wp-json\/wp\/v2\/product\/1370","targetHints":{"allow":["GET"]}}],"collection":[{"href":"https:\/\/www.511store.vn\/patch\/wp-json\/wp\/v2\/product"}],"about":[{"href":"https:\/\/www.511store.vn\/patch\/wp-json\/wp\/v2\/types\/product"}],"replies":[{"embeddable":true,"href":"https:\/\/www.511store.vn\/patch\/wp-json\/wp\/v2\/comments?post=1370"}],"wp:featuredmedia":[{"embeddable":true,"href":"https:\/\/www.511store.vn\/patch\/wp-json\/wp\/v2\/media\/639"}],"wp:attachment":[{"href":"https:\/\/www.511store.vn\/patch\/wp-json\/wp\/v2\/media?parent=1370"}],"wp:term":[{"taxonomy":"product_brand","embeddable":true,"href":"https:\/\/www.511store.vn\/patch\/wp-json\/wp\/v2\/product_brand?post=1370"},{"taxonomy":"product_cat","embeddable":true,"href":"https:\/\/www.511store.vn\/patch\/wp-json\/wp\/v2\/product_cat?post=1370"},{"taxonomy":"product_tag","embeddable":true,"href":"https:\/\/www.511store.vn\/patch\/wp-json\/wp\/v2\/product_tag?post=1370"}],"curies":[{"name":"wp","href":"https:\/\/api.w.org\/{rel}","templated":true}]}}