{"id":1371,"date":"2018-08-06T01:40:48","date_gmt":"2018-08-06T01:40:48","guid":{"rendered":"https:\/\/www.511store.vn\/patch\/?post_type=product&#038;p=1371"},"modified":"2024-01-18T12:03:38","modified_gmt":"2024-01-18T12:03:38","slug":"patch-truc-thang-san-ngam-ka28-kqvn","status":"publish","type":"product","link":"https:\/\/www.511store.vn\/patch\/cua-hang\/patch-vai\/patch-truc-thang-san-ngam-ka28-kqvn\/","title":{"rendered":"Patch tr\u1ef1c th\u0103ng s\u0103n ng\u1ea7m KA28 KQVN"},"content":{"rendered":"<p>Vi\u1ec7t Nam c\u00f3 \u0111\u01b0\u1eddng b\u1edd bi\u1ec3n tr\u00ean 3.200 km v\u00e0 h\u01a1n 3.000 h\u00f2n \u0111\u1ea3o g\u1ea7n v\u00e0 xa b\u1edd, n\u00ean vi\u1ec7c ph\u00e1t tri\u1ec3n 1 l\u1ef1c l\u01b0\u1ee3ng h\u1ea3i qu\u00e2n h\u00f9ng m\u1ea1nh, hi\u1ec7n \u0111\u1ea1i l\u00e0 m\u1ed9t \u0111\u00f2i h\u1ecfi c\u1ea7n thi\u1ebft. T\u1eeb n\u0103m 2010, HQVN \u0111\u00e3 c\u00f3 nh\u1eefng b\u01b0\u1edbc ti\u1ebfn \u0111\u00e1ng k\u1ec3 trong kh\u1ea3 n\u0103ng t\u1ea5n c\u00f4ng, ph\u00f2ng th\u1ee7 h\u1ed7n h\u1ee3p t\u1eeb t\u00ean l\u1eeda b\u1edd, t\u00ean l\u1eeda t\u00e0u m\u1eb7t n\u01b0\u1edbc, t\u00ean l\u1eeda ng\u01b0 l\u00f4i c\u1ee7a t\u00e0u ng\u1ea7m, b\u1eb1ng c\u00e1c ph\u01b0\u01a1ng ti\u1ec7n kh\u00e1c nh\u01b0 \u0111\u1eb7c c\u00f4ng n\u01b0\u1edbc, tr\u1ef1c th\u0103ng &amp; t\u00e0u s\u0103n ng\u1ea7m, h\u1ea3i qu\u00e2n \u0111\u00e1nh b\u1ed9\u2026<\/p>\n<p>N\u1ebfu theo d\u00f5i tin t\u1ee9c h\u1eb3n m\u1ecdi ng\u01b0\u1eddi s\u1ebd kh\u00f4ng l\u1ea1 g\u00ec 2 \u201c\u0111\u1ed9i\u201d m\u1edbi g<span class=\"text_exposed_show\">ia nh\u1eadp bi\u00ean ch\u1ebf HQVN \u0111\u00f3 l\u00e0 4 Khinh h\u1ea1m l\u1edbp Gepard v\u00e0 6 t\u00e0u ng\u1ea7m l\u1edbp Kilo do Nga s\u1ea3n xu\u1ea5t. Kh\u00f4ng c\u1ea7n b\u00e0n c\u00e3i g\u00ec n\u1eefa v\u1ec1 s\u1ee9c m\u1ea1nh v\u01b0\u1ee3t tr\u1ed9i do 2 \u201c\u0111\u1ed9i\u201d n\u00e0y mang t\u1edbi cho l\u1ef1c l\u01b0\u1ee3ng HQ, tuy nhi\u00ean c\u00f2n c\u00f3 1 \u201c\u0111\u1ed9i\u201d \u00edt \u0111\u01b0\u1ee3c nh\u1eafc t\u1edbi tr\u00ean truy\u1ec1n th\u00f4ng nh\u01b0ng khi ph\u1ed1i h\u1ee3p v\u1edbi chi\u1ebfn h\u1ea1m Gepard c\u00f3 th\u1ec3 \u0111\u01b0\u1ee3c xem l\u00e0 \u201ch\u1ed5 m\u1ecdc th\u00eam c\u00e1nh\u201d. \u0110\u00f3 ch\u00ednh l\u00e0 tr\u1ef1c th\u0103ng s\u0103n ng\u1ea7m Ka-28!<\/span><\/p>\n<p><span class=\"text_exposed_show\">Ka-28 \u0111\u01b0\u1ee3c xem l\u00e0 tr\u1ef1c th\u0103ng s\u0103n ng\u1ea7m nguy hi\u1ec3m nh\u1ea5t nh\u00ec th\u1ebf gi\u1edbi v\u1edbi kh\u1ea3 n\u0103ng t\u00ecm &amp; di\u1ec7t m\u1ecdi lo\u1ea1i t\u00e0u ng\u1ea7m. V\u1edbi s\u1ee9c m\u1ea1nh \u0111\u00f3, Ka-28 l\u1ea1i \u0111\u01b0\u1ee3c bi\u00ean ch\u1ebf tr\u00ean 2 chi\u1ebfn h\u1ea1m Gepard 3.9, t\u1ea1o th\u00e0nh 1 b\u1ed9 \u0111\u00f4i m\u1ea1nh m\u1ebd khi\u1ebfn nh\u1eefng k\u1ebb x\u1ea5u ph\u1ea3i tr\u1ea3 gi\u00e1 \u0111\u1eaft n\u1ebfu d\u00e1m x\u00e2m ph\u1ea1m ch\u1ee7 quy\u1ec1n bi\u1ec3n \u0111\u1ea3o VN. <\/span><\/p>\n<div class=\"text_exposed_show\">\n<p>JIC tr\u00e2n tr\u1ecdng gi\u1edbi thi\u1ec7u phi\u00ean b\u1ea3n gi\u1edbi h\u1ea1n patch v\u1edbi h\u00ecnh \u1ea3nh Ka-28 c\u1ea5t c\u00e1nh kh\u1ecfi chi\u1ebfn h\u1ea1m. \u0110\u00e2y s\u1ebd l\u00e0 mi\u1ebfng gh\u00e9p \u0111\u1ea7u ti\u00ean cho b\u1ed9 s\u01b0u t\u1eadp patch v\u1ec1 l\u1ef1c l\u01b0\u1ee3ng HQVN.<\/p>\n<\/div>\n","protected":false},"excerpt":{"rendered":"<div class=\"woocommerce-product-details__short-description\">\n<p>Patch tr\u1ef1c th\u0103ng KA28 KQVN<\/p>\n<p>C\u00f3 s\u1eb5n t\u1ea1i www.511Store.Vn\/patch v\u00e0 www.ArmyBox.Vn<\/p>\n<\/div>\n","protected":false},"featured_media":1002,"comment_status":"closed","ping_status":"closed","template":"","meta":[],"product_brand":[],"product_cat":[16,79],"product_tag":[21,23,22,428,24,429,427,20],"class_list":{"0":"post-1371","1":"product","2":"type-product","3":"status-publish","4":"has-post-thumbnail","6":"product_cat-patch-vai","7":"product_cat-patch-viet-nam","8":"product_tag-patch-dan","9":"product_tag-patch-dan-ao","10":"product_tag-patch-dan-balo","11":"product_tag-patch-ka28","12":"product_tag-patch-tactical","13":"product_tag-patch-truc-thang-ka-28","14":"product_tag-patch-truc-thang-ka28","15":"product_tag-patch-vai","16":"post","17":"post-with-thumbnail","18":"post-with-thumbnail-large","20":"first","21":"instock","22":"purchasable","23":"product-type-simple"},"_links":{"self":[{"href":"https:\/\/www.511store.vn\/patch\/wp-json\/wp\/v2\/product\/1371","targetHints":{"allow":["GET"]}}],"collection":[{"href":"https:\/\/www.511store.vn\/patch\/wp-json\/wp\/v2\/product"}],"about":[{"href":"https:\/\/www.511store.vn\/patch\/wp-json\/wp\/v2\/types\/product"}],"replies":[{"embeddable":true,"href":"https:\/\/www.511store.vn\/patch\/wp-json\/wp\/v2\/comments?post=1371"}],"wp:featuredmedia":[{"embeddable":true,"href":"https:\/\/www.511store.vn\/patch\/wp-json\/wp\/v2\/media\/1002"}],"wp:attachment":[{"href":"https:\/\/www.511store.vn\/patch\/wp-json\/wp\/v2\/media?parent=1371"}],"wp:term":[{"taxonomy":"product_brand","embeddable":true,"href":"https:\/\/www.511store.vn\/patch\/wp-json\/wp\/v2\/product_brand?post=1371"},{"taxonomy":"product_cat","embeddable":true,"href":"https:\/\/www.511store.vn\/patch\/wp-json\/wp\/v2\/product_cat?post=1371"},{"taxonomy":"product_tag","embeddable":true,"href":"https:\/\/www.511store.vn\/patch\/wp-json\/wp\/v2\/product_tag?post=1371"}],"curies":[{"name":"wp","href":"https:\/\/api.w.org\/{rel}","templated":true}]}}