{"id":1376,"date":"2018-08-06T01:40:58","date_gmt":"2018-08-06T01:40:58","guid":{"rendered":"https:\/\/www.511store.vn\/patch\/?post_type=product&#038;p=1376"},"modified":"2023-12-18T10:36:49","modified_gmt":"2023-12-18T10:36:49","slug":"patch-tuoi-ty-g12","status":"publish","type":"product","link":"https:\/\/www.511store.vn\/patch\/cua-hang\/patch-vai\/patch-tuoi-ty-g12\/","title":{"rendered":"Patch tu\u1ed5i T\u00fd &#8211; G12"},"content":{"rendered":"<p>Ch\u00ednh th\u1ee9c ph\u00e1t h\u00e0nh m\u1eabu Patch tu\u1ed5i T\u00fd \u2013 G12<\/p>\n<p>Patch T\u00fd, chi\u1ebfc patch \u0111\u1ea7u ti\u00ean trong d\u1ef1 \u00e1n 12G-Tac mang t\u1edbi cho b\u1ea1n b\u1ed9 s\u01b0u t\u1eadp patch 12 con gi\u00e1p phong c\u00e1ch tactical.<\/p>\n<p>Patch ph\u00e1t h\u00e0nh b\u1edfi #Jic_VietNam \u2013 Team Patch Maker \u0111\u1ea7u ti\u00ean c\u1ee7a VN ?<br \/>\nArmyBox s\u1ebd l\u00e0 \u0111\u1ea1i l\u00fd b\u00e1n h\u00e0ng ngo\u00e0i HN nh\u00e9, th\u00e1ng n\u00e0o c\u0169ng s\u1ebd ph\u00e1t h\u00e0nh Patch m\u1edbi theo t\u1eebng ch\u1ee7 \u0111\u1ec1 cho anh em c\u00f3 th\u00fa s\u01b0u t\u1ea7m.<\/p>\n","protected":false},"excerpt":{"rendered":"<div class=\"woocommerce-product-details__short-description\">Patch tu\u1ed5i T\u00fd \u2013 G12<br \/>\nC\u00f3 s\u1eb5n t\u1ea1i <a href=\"http:\/\/www.511Store.vn\" target=\"_blank\" rel=\"noopener noreferrer\">www.511Store.vn<\/a> v\u00e0 <a href=\"http:\/\/www.ArmyBox.Vn\" target=\"_blank\" rel=\"noopener noreferrer\">www.ArmyBox.Vn<\/a><\/div>\n","protected":false},"featured_media":1333,"comment_status":"closed","ping_status":"closed","template":"","meta":[],"product_brand":[],"product_cat":[16,79],"product_tag":[21,23,22,24,609,610,20],"class_list":{"0":"post-1376","1":"product","2":"type-product","3":"status-publish","4":"has-post-thumbnail","6":"product_cat-patch-vai","7":"product_cat-patch-viet-nam","8":"product_tag-patch-dan","9":"product_tag-patch-dan-ao","10":"product_tag-patch-dan-balo","11":"product_tag-patch-tactical","12":"product_tag-patch-tuoi-ty","13":"product_tag-patch-tuoi-ty-g12","14":"product_tag-patch-vai","15":"post","16":"post-with-thumbnail","17":"post-with-thumbnail-large","19":"first","20":"instock","21":"purchasable","22":"product-type-simple"},"_links":{"self":[{"href":"https:\/\/www.511store.vn\/patch\/wp-json\/wp\/v2\/product\/1376","targetHints":{"allow":["GET"]}}],"collection":[{"href":"https:\/\/www.511store.vn\/patch\/wp-json\/wp\/v2\/product"}],"about":[{"href":"https:\/\/www.511store.vn\/patch\/wp-json\/wp\/v2\/types\/product"}],"replies":[{"embeddable":true,"href":"https:\/\/www.511store.vn\/patch\/wp-json\/wp\/v2\/comments?post=1376"}],"wp:featuredmedia":[{"embeddable":true,"href":"https:\/\/www.511store.vn\/patch\/wp-json\/wp\/v2\/media\/1333"}],"wp:attachment":[{"href":"https:\/\/www.511store.vn\/patch\/wp-json\/wp\/v2\/media?parent=1376"}],"wp:term":[{"taxonomy":"product_brand","embeddable":true,"href":"https:\/\/www.511store.vn\/patch\/wp-json\/wp\/v2\/product_brand?post=1376"},{"taxonomy":"product_cat","embeddable":true,"href":"https:\/\/www.511store.vn\/patch\/wp-json\/wp\/v2\/product_cat?post=1376"},{"taxonomy":"product_tag","embeddable":true,"href":"https:\/\/www.511store.vn\/patch\/wp-json\/wp\/v2\/product_tag?post=1376"}],"curies":[{"name":"wp","href":"https:\/\/api.w.org\/{rel}","templated":true}]}}