{"id":1378,"date":"2018-08-06T01:41:04","date_gmt":"2018-08-06T01:41:04","guid":{"rendered":"https:\/\/www.511store.vn\/patch\/?post_type=product&#038;p=1378"},"modified":"2025-08-05T11:37:59","modified_gmt":"2025-08-05T11:37:59","slug":"patch-hung-vuong","status":"publish","type":"product","link":"https:\/\/www.511store.vn\/patch\/cua-hang\/patch-quoc-ky\/patch-hung-vuong\/","title":{"rendered":"Patch H\u00f9ng V\u01b0\u01a1ng"},"content":{"rendered":"<p><strong>Patch H\u00f9ng V\u01b0\u01a1ng \u2013 Patch Vua H\u00f9ng<\/strong><\/p>\n<p>Patch ph\u00e1t h\u00e0nh b\u1edfi #Jic_VietNam \u2013 Team Patch Maker \u0111\u1ea7u ti\u00ean c\u1ee7a VN ?<br \/>\nArmyBox s\u1ebd l\u00e0 \u0111\u1ea1i l\u00fd b\u00e1n h\u00e0ng ngo\u00e0i HN nh\u00e9, th\u00e1ng n\u00e0o c\u0169ng s\u1ebd ph\u00e1t h\u00e0nh Patch m\u1edbi theo t\u1eebng ch\u1ee7 \u0111\u1ec1 cho anh em c\u00f3 th\u00fa s\u01b0u t\u1ea7m.<\/p>\n","protected":false},"excerpt":{"rendered":"<p>Patch H\u00f9ng V\u01b0\u01a1ng \u2013 Patch Vua H\u00f9ng<br \/>\nC\u00f3 s\u1eb5n t\u1ea1i www.511Store.Vn\/patch v\u00e0 www.ArmyBox.Vn<\/p>\n","protected":false},"featured_media":1015,"comment_status":"closed","ping_status":"closed","template":"","meta":[],"product_brand":[],"product_cat":[15,16,79],"product_tag":[19,21,23,22,433,24,20,434],"class_list":{"0":"post-1378","1":"product","2":"type-product","3":"status-publish","4":"has-post-thumbnail","6":"product_cat-patch-quoc-ky","7":"product_cat-patch-vai","8":"product_cat-patch-viet-nam","9":"product_tag-patch-cao-su","10":"product_tag-patch-dan","11":"product_tag-patch-dan-ao","12":"product_tag-patch-dan-balo","13":"product_tag-patch-hung-vuong","14":"product_tag-patch-tactical","15":"product_tag-patch-vai","16":"product_tag-patch-vua-hung","17":"post","18":"post-with-thumbnail","19":"post-with-thumbnail-large","21":"first","22":"outofstock","23":"purchasable","24":"product-type-simple"},"_links":{"self":[{"href":"https:\/\/www.511store.vn\/patch\/wp-json\/wp\/v2\/product\/1378","targetHints":{"allow":["GET"]}}],"collection":[{"href":"https:\/\/www.511store.vn\/patch\/wp-json\/wp\/v2\/product"}],"about":[{"href":"https:\/\/www.511store.vn\/patch\/wp-json\/wp\/v2\/types\/product"}],"replies":[{"embeddable":true,"href":"https:\/\/www.511store.vn\/patch\/wp-json\/wp\/v2\/comments?post=1378"}],"wp:featuredmedia":[{"embeddable":true,"href":"https:\/\/www.511store.vn\/patch\/wp-json\/wp\/v2\/media\/1015"}],"wp:attachment":[{"href":"https:\/\/www.511store.vn\/patch\/wp-json\/wp\/v2\/media?parent=1378"}],"wp:term":[{"taxonomy":"product_brand","embeddable":true,"href":"https:\/\/www.511store.vn\/patch\/wp-json\/wp\/v2\/product_brand?post=1378"},{"taxonomy":"product_cat","embeddable":true,"href":"https:\/\/www.511store.vn\/patch\/wp-json\/wp\/v2\/product_cat?post=1378"},{"taxonomy":"product_tag","embeddable":true,"href":"https:\/\/www.511store.vn\/patch\/wp-json\/wp\/v2\/product_tag?post=1378"}],"curies":[{"name":"wp","href":"https:\/\/api.w.org\/{rel}","templated":true}]}}