{"id":1379,"date":"2018-08-06T01:41:06","date_gmt":"2018-08-06T01:41:06","guid":{"rendered":"https:\/\/www.511store.vn\/patch\/?post_type=product&#038;p=1379"},"modified":"2018-08-06T01:46:00","modified_gmt":"2018-08-06T01:46:00","slug":"patch-gac-ma","status":"publish","type":"product","link":"https:\/\/www.511store.vn\/patch\/cua-hang\/patch-vai\/patch-gac-ma\/","title":{"rendered":"Patch G\u1ea1c Ma"},"content":{"rendered":"<p>Patch d\u00f9ng \u0111\u1ec3 trang tr\u00ed \u2013 C\u00f3 s\u1eb5n gai d\u00ednh, c\u00f3 th\u1ec3 g\u1eafn l\u00ean c\u00e1c v\u1ecb tr\u00ed c\u00f3 Velcro<\/p>\n<p><strong>TH\u00c1NG T\u00d4N VINH NH\u1eeeNG NG\u01af\u1edcI CON C\u1ee6A BI\u1ec2N<\/strong><\/p>\n<p>K\u1ef7 ni\u1ec7m 30 n\u0103m chi\u1ebfn d\u1ecbch CQ88 th\u1ea5m \u0111\u1eabm gi\u00e1 tr\u1ecb anh h\u00f9ng v\u00e0 l\u00f2ng t\u1ef1 h\u00e0o d\u00e2n t\u1ed9c! Ca ng\u1ee3i nh\u1eefng ng\u01b0\u1eddi con \u0111\u00e3 hi\u1ebfn d\u00e2ng c\u1ea3 tu\u1ed5i tr\u1ebb v\u00e0 \u00fd ch\u00ed kh\u00e1t khao y\u00eau chu\u1ed9ng h\u00f2a b\u00ecnh c\u1ee7a d\u00e2n t\u1ed9c Vi\u1ec7t Nam c\u00f9ng quy\u1ebft t\u00e2m to\u00e0n v\u1eb9n l\u00e3nh th\u1ed5 thi\u00eang li\u00eang c\u1ee7a T\u1ed5 Qu\u1ed1c!<br \/>\nV\u1edbi \u00fd ngh\u0129a h\u1ebft s\u1ee9c to l\u1edbn \u0111\u00f3 JIC mong mu\u1ed1n c\u00e1c b\u1ea1n s\u01b0u t\u1ea7m v\u00e0 s\u1edf h\u1eefu h\u00e3y tr\u00e2n tr\u1ecdng v\u00e0 coi \u0111\u00e2y l\u00e0 m\u1ed9t ni\u1ec1m t\u1ef1 h\u00e0o c\u1ee7a m\u1ed7i c\u00e1 nh\u00e2n khi nh\u1eadn \u0111\u01b0\u1ee3c!<\/p>\n<p>Mua h\u00e0ng tr\u00ean Shopee : <a href=\"https:\/\/shopee.vn\/Patch-G%E1%BA%A1c-Ma-T%C3%B4n-vinh-nh%E1%BB%AFng-ng%C6%B0%E1%BB%9Di-con-c%E1%BB%A7a-bi%E1%BB%83n-i.8262716.895716011\" target=\"_blank\" rel=\"noopener\">https:\/\/shopee.vn\/Patch-Gac-Ma<\/a><\/p>\n<p>?? Ch\u00ednh th\u1ee9c ph\u00e1t h\u00e0nh #Patch G\u1ea1c Ma cho anh em d\u00e1n balo, d\u00e1n \u00e1o, d\u00e1n m\u0169 v\u00e0 b\u1ea5t c\u1ee9 ch\u1ed7 n\u00e0o c\u00f3 th\u1ec3 nh\u00e9 ?<br \/>\nPatch ph\u00e1t h\u00e0nh b\u1edfi #Jic_VietNam \u2013 Team Patch Maker \u0111\u1ea7u ti\u00ean c\u1ee7a VN ?<br \/>\nArmyBox s\u1ebd l\u00e0 \u0111\u1ea1i l\u00fd b\u00e1n h\u00e0ng ngo\u00e0i HN nh\u00e9, th\u00e1ng n\u00e0o c\u0169ng s\u1ebd ph\u00e1t h\u00e0nh Patch m\u1edbi theo t\u1eebng ch\u1ee7 \u0111\u1ec1 cho anh em c\u00f3 th\u00fa s\u01b0u t\u1ea7m.<\/p>\n","protected":false},"excerpt":{"rendered":"<div class=\"woocommerce-product-details__short-description\">\n<p>Patch G\u1ea1c Ma<\/p>\n<p>C\u00f3 s\u1eb5n t\u1ea1i www.511Store.Vn\/patch v\u00e0 www.ArmyBox.Vn<\/p>\n<\/div>\n","protected":false},"featured_media":637,"comment_status":"closed","ping_status":"closed","template":"","meta":[],"product_brand":[],"product_cat":[16,79],"product_tag":[278,21,23,22,277,24,20,279],"class_list":{"0":"post-1379","1":"product","2":"type-product","3":"status-publish","4":"has-post-thumbnail","6":"product_cat-patch-vai","7":"product_cat-patch-viet-nam","8":"product_tag-gac-ma","9":"product_tag-patch-dan","10":"product_tag-patch-dan-ao","11":"product_tag-patch-dan-balo","12":"product_tag-patch-gac-ma","13":"product_tag-patch-tactical","14":"product_tag-patch-vai","15":"product_tag-ton-vinh-nhung-nguoi-con-cua-bien","16":"post","17":"post-with-thumbnail","18":"post-with-thumbnail-large","20":"first","21":"instock","22":"purchasable","23":"product-type-simple"},"_links":{"self":[{"href":"https:\/\/www.511store.vn\/patch\/wp-json\/wp\/v2\/product\/1379","targetHints":{"allow":["GET"]}}],"collection":[{"href":"https:\/\/www.511store.vn\/patch\/wp-json\/wp\/v2\/product"}],"about":[{"href":"https:\/\/www.511store.vn\/patch\/wp-json\/wp\/v2\/types\/product"}],"replies":[{"embeddable":true,"href":"https:\/\/www.511store.vn\/patch\/wp-json\/wp\/v2\/comments?post=1379"}],"wp:featuredmedia":[{"embeddable":true,"href":"https:\/\/www.511store.vn\/patch\/wp-json\/wp\/v2\/media\/637"}],"wp:attachment":[{"href":"https:\/\/www.511store.vn\/patch\/wp-json\/wp\/v2\/media?parent=1379"}],"wp:term":[{"taxonomy":"product_brand","embeddable":true,"href":"https:\/\/www.511store.vn\/patch\/wp-json\/wp\/v2\/product_brand?post=1379"},{"taxonomy":"product_cat","embeddable":true,"href":"https:\/\/www.511store.vn\/patch\/wp-json\/wp\/v2\/product_cat?post=1379"},{"taxonomy":"product_tag","embeddable":true,"href":"https:\/\/www.511store.vn\/patch\/wp-json\/wp\/v2\/product_tag?post=1379"}],"curies":[{"name":"wp","href":"https:\/\/api.w.org\/{rel}","templated":true}]}}