{"id":1398,"date":"2018-09-28T16:39:22","date_gmt":"2018-09-28T16:39:22","guid":{"rendered":"https:\/\/www.511store.vn\/patch\/?post_type=product&#038;p=1398"},"modified":"2023-12-18T10:36:06","modified_gmt":"2023-12-18T10:36:06","slug":"patch-dat-nuoc","status":"publish","type":"product","link":"https:\/\/www.511store.vn\/patch\/cua-hang\/patch-vai\/patch-dat-nuoc\/","title":{"rendered":"Patch \u0110\u1ea5t N\u01b0\u1edbc"},"content":{"rendered":"<p>Vi\u1ec7t Nam n\u1eb1m tr\u00ean b\u00e1n \u0111\u1ea3o \u0110\u00f4ng D\u01b0\u01a1ng, thu\u1ed9c v\u00f9ng \u0110\u00f4ng Nam ch\u00e2u \u00c1. L\u00e3nh th\u1ed5 Vi\u1ec7t Nam ch\u1ea1y d\u1ecdc b\u1edd bi\u1ec3n ph\u00eda \u0111\u00f4ng c\u1ee7a b\u00e1n \u0111\u1ea3o n\u00e0y.<\/p>\n<p>\u0110\u1ea5t li\u1ec1n c\u1ee7a Vi\u1ec7t Nam h\u1eb9p ngang, ch\u1ea1y d\u00e0i theo chi\u1ec1u b\u1eafc &#8211; nam. Kho\u1ea3ng c\u00e1ch gi\u1eefa c\u1ef1c b\u1eafc (L\u0169ng C\u00fa) v\u00e0 c\u1ef1c nam (m\u0169i C\u00e0 Mau) theo \u0111\u01b0\u1eddng chim bay l\u00e0 1650 km. V\u1ecb tr\u00ed chi\u1ec1u ngang h\u1eb9p nh\u1ea5t \u1edf Qu\u1ea3ng B\u00ecnh ch\u1ec9 ch\u01b0a \u0111\u1ea7y 50 km. Vi\u1ec7t Nam c\u00f3 \u0111\u01b0\u1eddng bi\u00ean gi\u1edbi \u0111\u1ea5t li\u1ec1n d\u00e0i 4.550 km: ph\u00eda B\u1eafc gi\u00e1p Trung Qu\u1ed1c, ph\u00eda T\u00e2y gi\u00e1p L\u00e0o v\u00e0 Campuchia, ph\u00eda \u0110\u00f4ng gi\u00e1p bi\u1ec3n \u0110\u00f4ng.<\/p>\n<p>Di\u1ec7n t\u00edch Vi\u1ec7t Nam l\u00e0 331.698 km\u00b2, bao g\u1ed3m kho\u1ea3ng 327.480 km\u00b2 \u0111\u1ea5t li\u1ec1n v\u00e0 h\u01a1n 4.500 km\u00b2 v\u00f9ng n\u01b0\u1edbc n\u1ed9i th\u1ee7y (h\u1ed3 n\u01b0\u1edbc ng\u1ecdt l\u1edbn, m\u1eb7t s\u00f4ng l\u1edbn, bi\u1ec3n n\u1ed9i th\u1ee7y ven bi\u1ec3n), v\u1edbi h\u01a1n 2.800 h\u00f2n \u0111\u1ea3o, b\u00e3i \u0111\u00e1 ng\u1ea7m l\u1edbn nh\u1ecf, g\u1ea7n v\u00e0 xa b\u1edd, bao g\u1ed3m c\u1ea3 Tr\u01b0\u1eddng Sa v\u00e0 Ho\u00e0ng Sa.<\/p>\n<p>Patch \u0110\u1ea5t N\u01b0\u1edbc <\/p>\n","protected":false},"excerpt":{"rendered":"<p>Patch \u0110\u1ea5t N\u01b0\u1edbc<br \/>\nC\u00f3 s\u1eb5n t\u1ea1i www.511Store.Vn\/patch v\u00e0 www.ArmyBox.Vn<\/p>\n","protected":false},"featured_media":1399,"comment_status":"closed","ping_status":"closed","template":"","meta":[],"product_brand":[],"product_cat":[16,79],"product_tag":[21,23,22,673,674,24,20],"class_list":{"0":"post-1398","1":"product","2":"type-product","3":"status-publish","4":"has-post-thumbnail","6":"product_cat-patch-vai","7":"product_cat-patch-viet-nam","8":"product_tag-patch-dan","9":"product_tag-patch-dan-ao","10":"product_tag-patch-dan-balo","11":"product_tag-patch-dat-nuoc","12":"product_tag-patch-dat-nuoc-viet-nam","13":"product_tag-patch-tactical","14":"product_tag-patch-vai","15":"post","16":"post-with-thumbnail","17":"post-with-thumbnail-large","19":"first","20":"instock","21":"purchasable","22":"product-type-simple"},"_links":{"self":[{"href":"https:\/\/www.511store.vn\/patch\/wp-json\/wp\/v2\/product\/1398","targetHints":{"allow":["GET"]}}],"collection":[{"href":"https:\/\/www.511store.vn\/patch\/wp-json\/wp\/v2\/product"}],"about":[{"href":"https:\/\/www.511store.vn\/patch\/wp-json\/wp\/v2\/types\/product"}],"replies":[{"embeddable":true,"href":"https:\/\/www.511store.vn\/patch\/wp-json\/wp\/v2\/comments?post=1398"}],"wp:featuredmedia":[{"embeddable":true,"href":"https:\/\/www.511store.vn\/patch\/wp-json\/wp\/v2\/media\/1399"}],"wp:attachment":[{"href":"https:\/\/www.511store.vn\/patch\/wp-json\/wp\/v2\/media?parent=1398"}],"wp:term":[{"taxonomy":"product_brand","embeddable":true,"href":"https:\/\/www.511store.vn\/patch\/wp-json\/wp\/v2\/product_brand?post=1398"},{"taxonomy":"product_cat","embeddable":true,"href":"https:\/\/www.511store.vn\/patch\/wp-json\/wp\/v2\/product_cat?post=1398"},{"taxonomy":"product_tag","embeddable":true,"href":"https:\/\/www.511store.vn\/patch\/wp-json\/wp\/v2\/product_tag?post=1398"}],"curies":[{"name":"wp","href":"https:\/\/api.w.org\/{rel}","templated":true}]}}